{"id":449,"date":"2023-05-26T19:21:38","date_gmt":"2023-05-26T17:21:38","guid":{"rendered":"https:\/\/cmvcylinders.com\/contatti\/"},"modified":"2024-05-19T21:59:04","modified_gmt":"2024-05-19T19:59:04","slug":"contatti","status":"publish","type":"page","link":"https:\/\/cmvcylinders.com\/en\/contatti\/","title":{"rendered":"Contact us"},"content":{"rendered":"\t\t<div data-elementor-type=\"wp-page\" data-elementor-id=\"449\" class=\"elementor elementor-449 elementor-24\" data-elementor-post-type=\"page\">\n\t\t\t\t\t\t<section class=\"elementor-section elementor-top-section elementor-element elementor-element-9b7fb4a elementor-section-boxed elementor-section-height-default elementor-section-height-default\" data-id=\"9b7fb4a\" data-element_type=\"section\" data-e-type=\"section\">\n\t\t\t\t\t\t<div class=\"elementor-container elementor-column-gap-default\">\n\t\t\t\t\t<div class=\"elementor-column elementor-col-100 elementor-top-column elementor-element elementor-element-d1435b8\" data-id=\"d1435b8\" data-element_type=\"column\" data-e-type=\"column\">\n\t\t\t<div class=\"elementor-widget-wrap elementor-element-populated\">\n\t\t\t\t\t\t<div class=\"elementor-element elementor-element-8bc99b2 elementor-widget elementor-widget-heading\" data-id=\"8bc99b2\" data-element_type=\"widget\" data-e-type=\"widget\" data-widget_type=\"heading.default\">\n\t\t\t\t<div class=\"elementor-widget-container\">\n\t\t\t\t\t<h2 class=\"elementor-heading-title elementor-size-default\">ITALIAN HEADQUARTER<\/h2>\t\t\t\t<\/div>\n\t\t\t\t<\/div>\n\t\t\t\t\t<\/div>\n\t\t<\/div>\n\t\t\t\t\t<\/div>\n\t\t<\/section>\n\t\t\t\t<section class=\"elementor-section elementor-top-section elementor-element elementor-element-6cd1029 ct-section-stretched elementor-section-full_width elementor-section-content-middle elementor-section-height-default elementor-section-height-default\" data-id=\"6cd1029\" data-element_type=\"section\" data-e-type=\"section\">\n\t\t\t\t\t\t<div class=\"elementor-container elementor-column-gap-default\">\n\t\t\t\t\t<div class=\"elementor-column elementor-col-50 elementor-top-column elementor-element elementor-element-ebb066a\" data-id=\"ebb066a\" data-element_type=\"column\" data-e-type=\"column\">\n\t\t\t<div class=\"elementor-widget-wrap elementor-element-populated\">\n\t\t\t\t\t\t<div class=\"elementor-element elementor-element-e2878f9 elementor-widget elementor-widget-google_maps\" data-id=\"e2878f9\" data-element_type=\"widget\" data-e-type=\"widget\" data-widget_type=\"google_maps.default\">\n\t\t\t\t<div class=\"elementor-widget-container\">\n\t\t\t\t\t\t\t<div class=\"elementor-custom-embed\">\n\t\t\t<iframe loading=\"lazy\"\n\t\t\t\t\tsrc=\"https:\/\/maps.google.com\/maps?q=Via%20dell%27Industria%2C%2011%2060021%20Camerano%20%29AN%29&#038;t=m&#038;z=13&#038;output=embed&#038;iwloc=near\"\n\t\t\t\t\ttitle=\"Via dell&#039;Industria, 11 60021 Camerano )AN)\"\n\t\t\t\t\taria-label=\"Via dell&#039;Industria, 11 60021 Camerano )AN)\"\n\t\t\t><\/iframe>\n\t\t<\/div>\n\t\t\t\t\t\t<\/div>\n\t\t\t\t<\/div>\n\t\t\t\t\t<\/div>\n\t\t<\/div>\n\t\t\t\t<div class=\"elementor-column elementor-col-50 elementor-top-column elementor-element elementor-element-6d755c0\" data-id=\"6d755c0\" data-element_type=\"column\" data-e-type=\"column\">\n\t\t\t<div class=\"elementor-widget-wrap elementor-element-populated\">\n\t\t\t\t\t\t<div class=\"elementor-element elementor-element-f5c11e0 elementor-widget elementor-widget-text-editor\" data-id=\"f5c11e0\" data-element_type=\"widget\" data-e-type=\"widget\" data-widget_type=\"text-editor.default\">\n\t\t\t\t<div class=\"elementor-widget-container\">\n\t\t\t\t\t\t\t\t\t<p>Via Dell&#8217;industria, 11<br \/>60021 Camerano (AN)<\/p>\n<p>Telefono +39.071.9882065<br \/>Telefax +39.071.9201977<\/p>\n<p><strong>COMPANY INFORMATION<\/strong><\/p>\n<p>Iscr. Reg. ANCONA REA 168527<br \/>VAT IT02299680427<br \/>Capitale sociale euro \u20ac4.000.000,00 i.v.<\/p>\n\t\t\t\t\t\t\t\t<\/div>\n\t\t\t\t<\/div>\n\t\t\t\t<div class=\"elementor-element elementor-element-6054cd8 elementor-widget elementor-widget-text-editor\" data-id=\"6054cd8\" data-element_type=\"widget\" data-e-type=\"widget\" data-widget_type=\"text-editor.default\">\n\t\t\t\t<div class=\"elementor-widget-container\">\n\t\t\t\t\t\t\t\t\t<p>Sales Department:<br \/>Alvin Emraz &#8211; <a href=\"mailto:a.emraz@cmvcylinders.com\" target=\"_blank\">a.emraz@cmvcylinders.com<\/a><br \/>Quality Department:<br \/>Francesco Dalla Valle &#8211; <a href=\"mailto:f.dallavalle@cmvcylinders.com\" target=\"_blank\">f.dallavalle@cmvcylinders.com<\/a><\/p>\n\t\t\t\t\t\t\t\t<\/div>\n\t\t\t\t<\/div>\n\t\t\t\t\t<\/div>\n\t\t<\/div>\n\t\t\t\t\t<\/div>\n\t\t<\/section>\n\t\t\t\t<section class=\"elementor-section elementor-top-section elementor-element elementor-element-fce8e17 elementor-section-boxed elementor-section-height-default elementor-section-height-default\" data-id=\"fce8e17\" data-element_type=\"section\" data-e-type=\"section\">\n\t\t\t\t\t\t<div class=\"elementor-container elementor-column-gap-default\">\n\t\t\t\t\t<div class=\"elementor-column elementor-col-100 elementor-top-column elementor-element elementor-element-bf523e7\" data-id=\"bf523e7\" data-element_type=\"column\" data-e-type=\"column\">\n\t\t\t<div class=\"elementor-widget-wrap elementor-element-populated\">\n\t\t\t\t\t\t<div class=\"elementor-element elementor-element-81df4f8 elementor-widget elementor-widget-heading\" data-id=\"81df4f8\" data-element_type=\"widget\" data-e-type=\"widget\" data-widget_type=\"heading.default\">\n\t\t\t\t<div class=\"elementor-widget-container\">\n\t\t\t\t\t<h2 class=\"elementor-heading-title elementor-size-default\">TURKISH HEADQUARTER<\/h2>\t\t\t\t<\/div>\n\t\t\t\t<\/div>\n\t\t\t\t\t<\/div>\n\t\t<\/div>\n\t\t\t\t\t<\/div>\n\t\t<\/section>\n\t\t\t\t<section class=\"elementor-section elementor-top-section elementor-element elementor-element-432f24d ct-section-stretched elementor-section-full_width elementor-section-content-middle elementor-section-height-default elementor-section-height-default\" data-id=\"432f24d\" data-element_type=\"section\" data-e-type=\"section\">\n\t\t\t\t\t\t<div class=\"elementor-container elementor-column-gap-default\">\n\t\t\t\t\t<div class=\"elementor-column elementor-col-50 elementor-top-column elementor-element elementor-element-ef89c93\" data-id=\"ef89c93\" data-element_type=\"column\" data-e-type=\"column\">\n\t\t\t<div class=\"elementor-widget-wrap elementor-element-populated\">\n\t\t\t\t\t\t<div class=\"elementor-element elementor-element-1e95273 elementor-widget elementor-widget-google_maps\" data-id=\"1e95273\" data-element_type=\"widget\" data-e-type=\"widget\" data-widget_type=\"google_maps.default\">\n\t\t\t\t<div class=\"elementor-widget-container\">\n\t\t\t\t\t\t\t<div class=\"elementor-custom-embed\">\n\t\t\t<iframe loading=\"lazy\"\n\t\t\t\t\tsrc=\"https:\/\/maps.google.com\/maps?q=MOSB%20IV%20K%C4%B1s%C4%B1m%20%C4%B0smail%20Kahraman%20Cad.%20No.5%2045030%20Yunusemre%20Manisa%20%E2%80%93%20Turkey&#038;t=m&#038;z=13&#038;output=embed&#038;iwloc=near\"\n\t\t\t\t\ttitle=\"MOSB IV K\u0131s\u0131m \u0130smail Kahraman Cad. No.5 45030 Yunusemre Manisa \u2013 Turkey\"\n\t\t\t\t\taria-label=\"MOSB IV K\u0131s\u0131m \u0130smail Kahraman Cad. No.5 45030 Yunusemre Manisa \u2013 Turkey\"\n\t\t\t><\/iframe>\n\t\t<\/div>\n\t\t\t\t\t\t<\/div>\n\t\t\t\t<\/div>\n\t\t\t\t\t<\/div>\n\t\t<\/div>\n\t\t\t\t<div class=\"elementor-column elementor-col-50 elementor-top-column elementor-element elementor-element-ce54e6a\" data-id=\"ce54e6a\" data-element_type=\"column\" data-e-type=\"column\">\n\t\t\t<div class=\"elementor-widget-wrap elementor-element-populated\">\n\t\t\t\t\t\t<div class=\"elementor-element elementor-element-7c31546 elementor-widget elementor-widget-text-editor\" data-id=\"7c31546\" data-element_type=\"widget\" data-e-type=\"widget\" data-widget_type=\"text-editor.default\">\n\t\t\t\t<div class=\"elementor-widget-container\">\n\t\t\t\t\t\t\t\t\t<p>CMV Cylinders Endustri Sanayi Ve Ticaret A.S.<br \/>MOSB IV K\u0131s\u0131m \u0130smail Kahraman Cad. No.5<br \/>45030 Yunusemre Manisa &#8211; Turkey<\/p>\n<p>Tel +90 236 222 1001<\/p>\n\t\t\t\t\t\t\t\t<\/div>\n\t\t\t\t<\/div>\n\t\t\t\t<div class=\"elementor-element elementor-element-68c88c6 elementor-widget elementor-widget-text-editor\" data-id=\"68c88c6\" data-element_type=\"widget\" data-e-type=\"widget\" data-widget_type=\"text-editor.default\">\n\t\t\t\t<div class=\"elementor-widget-container\">\n\t\t\t\t\t\t\t\t\t<p>Direttore generale<br \/>Unal Emiroglu &#8211; <a href=\"mailto:u.emiroglu@cmvcylinders.com\" target=\"_blank\" rel=\"noopener\">u.emiroglu@cmvcylinders.com<\/a><br \/>Direttore di produzione:<br \/>Ramazan Zeybek &#8211; <a href=\"mailto:r.zeybek@cmvcylinders.com\">r.zeybek@cmvcylinders.com<\/a><\/p>\n\t\t\t\t\t\t\t\t<\/div>\n\t\t\t\t<\/div>\n\t\t\t\t\t<\/div>\n\t\t<\/div>\n\t\t\t\t\t<\/div>\n\t\t<\/section>\n\t\t\t\t<\/div>\n\t\t","protected":false},"excerpt":{"rendered":"<p>ITALIAN HEADQUARTER Via Dell&#8217;industria, 1160021 Camerano (AN) Telefono +39.071.9882065Telefax +39.071.9201977 COMPANY INFORMATION Iscr. Reg. ANCONA REA 168527VAT IT02299680427Capitale sociale euro \u20ac4.000.000,00 i.v. Sales Department:Alvin Emraz &#8211; a.emraz@cmvcylinders.comQuality Department:Francesco Dalla Valle &#8211; f.dallavalle@cmvcylinders.com TURKISH HEADQUARTER CMV Cylinders Endustri Sanayi Ve Ticaret A.S.MOSB IV K\u0131s\u0131m \u0130smail Kahraman Cad. No.545030 Yunusemre Manisa &#8211; Turkey Tel +90 236 222 [&hellip;]<\/p>\n","protected":false},"author":2,"featured_media":0,"parent":0,"menu_order":0,"comment_status":"closed","ping_status":"closed","template":"elementor_header_footer","meta":{"footnotes":""},"class_list":["post-449","page","type-page","status-publish","hentry"],"blocksy_meta":{"has_hero_section":"disabled"},"_links":{"self":[{"href":"https:\/\/cmvcylinders.com\/en\/wp-json\/wp\/v2\/pages\/449","targetHints":{"allow":["GET"]}}],"collection":[{"href":"https:\/\/cmvcylinders.com\/en\/wp-json\/wp\/v2\/pages"}],"about":[{"href":"https:\/\/cmvcylinders.com\/en\/wp-json\/wp\/v2\/types\/page"}],"author":[{"embeddable":true,"href":"https:\/\/cmvcylinders.com\/en\/wp-json\/wp\/v2\/users\/2"}],"replies":[{"embeddable":true,"href":"https:\/\/cmvcylinders.com\/en\/wp-json\/wp\/v2\/comments?post=449"}],"version-history":[{"count":0,"href":"https:\/\/cmvcylinders.com\/en\/wp-json\/wp\/v2\/pages\/449\/revisions"}],"wp:attachment":[{"href":"https:\/\/cmvcylinders.com\/en\/wp-json\/wp\/v2\/media?parent=449"}],"curies":[{"name":"wp","href":"https:\/\/api.w.org\/{rel}","templated":true}]}}